{"id":207,"date":"2024-11-07T17:58:53","date_gmt":"2024-11-07T16:58:53","guid":{"rendered":"https:\/\/hv-h\u00f6rste.de\/?page_id=207"},"modified":"2024-11-20T13:34:26","modified_gmt":"2024-11-20T12:34:26","slug":"christkindlmarkt-2023","status":"publish","type":"page","link":"https:\/\/hv-h\u00f6rste.de\/?page_id=207","title":{"rendered":"Heimische V\u00f6gel"},"content":{"rendered":"\t\t<div data-elementor-type=\"wp-page\" data-elementor-id=\"207\" class=\"elementor elementor-207\">\n\t\t\t\t<div class=\"elementor-element elementor-element-8adc81b e-flex e-con-boxed e-con e-parent\" data-id=\"8adc81b\" data-element_type=\"container\" data-e-type=\"container\">\n\t\t\t\t\t<div class=\"e-con-inner\">\n\t\t\t\t<div class=\"elementor-element elementor-element-e0c9438 elementor-widget elementor-widget-shortcode\" data-id=\"e0c9438\" data-element_type=\"widget\" data-e-type=\"widget\" data-widget_type=\"shortcode.default\">\n\t\t\t\t<div class=\"elementor-widget-container\">\n\t\t\t\t\t\t\t<div class=\"elementor-shortcode\"><style type=\"text\/css\" scoped>.rbs_gallery_69f4ecf80e772Spinner{\r\n\t\t\t\tmargin: 50px auto;\r\n\t\t\t\twidth: 50px;\r\n\t\t\t\theight: 40px;\r\n\t\t\t\ttext-align: center;\r\n\t\t\t\tfont-size: 10px;\r\n\t\t\t}\r\n\t\t\t.rbs_gallery_69f4ecf80e772Spinner > div{\r\n\t\t\t  background-color: #333;\r\n\t\t\t  height: 100%;\r\n\t\t\t  width: 6px;\r\n\t\t\t  display: inline-block;\r\n\t\t\t  -webkit-animation: rbs_gallery_69f4ecf80e772-stretchdelay 1.2s infinite ease-in-out;\r\n\t\t\t  animation: rbs_gallery_69f4ecf80e772-stretchdelay 1.2s infinite ease-in-out;\r\n\t\t\t}\r\n\t\t\t.rbs_gallery_69f4ecf80e772Spinner .rbs_gallery_69f4ecf80e772Rect2 {\r\n\t\t\t  -webkit-animation-delay: -1.1s;\r\n\t\t\t  animation-delay: -1.1s;\r\n\t\t\t}\r\n\t\t\t.rbs_gallery_69f4ecf80e772Spinner .rbs_gallery_69f4ecf80e772Rect3 {\r\n\t\t\t  -webkit-animation-delay: -1.0s;\r\n\t\t\t  animation-delay: -1.0s;\r\n\t\t\t}\r\n\t\t\t.rbs_gallery_69f4ecf80e772Spinner .rbs_gallery_69f4ecf80e772Rect4 {\r\n\t\t\t  -webkit-animation-delay: -0.9s;\r\n\t\t\t  animation-delay: -0.9s;\r\n\t\t\t}\r\n\t\t\t.rbs_gallery_69f4ecf80e772Spinner .rbs_gallery_69f4ecf80e772Rect5 {\r\n\t\t\t  -webkit-animation-delay: -0.8s;\r\n\t\t\t  animation-delay: -0.8s;\r\n\t\t\t}\r\n\t\t\t@-webkit-keyframes rbs_gallery_69f4ecf80e772-stretchdelay {\r\n\t\t\t  0%, 40%, 100% { -webkit-transform: scaleY(0.4) }  \r\n\t\t\t  20% { -webkit-transform: scaleY(1.0) }\r\n\t\t\t}\r\n\t\t\t@keyframes rbs_gallery_69f4ecf80e772-stretchdelay {\r\n\t\t\t  0%, 40%, 100% { \r\n\t\t\t    transform: scaleY(0.4);\r\n\t\t\t    -webkit-transform: scaleY(0.4);\r\n\t\t\t  }  20% { \r\n\t\t\t    transform: scaleY(1.0);\r\n\t\t\t    -webkit-transform: scaleY(1.0);\r\n\t\t\t  }\r\n\t\t\t}\r\n\t\t<\/style><div id=\"robo-gallery-slider-wraprbs_gallery_69f4ecf80e772\" class=\"robo-gallery-slider-wrap robo-gallery-slider-wrap-id212 robo-gallery-slider\"><div id=\"rbs_gallery_69f4ecf80e772-block-loader\" class=\"rbs_gallery_69f4ecf80e772Spinner\"><div class=\"rbs_gallery_69f4ecf80e772Rect1\"><\/div> <div class=\"rbs_gallery_69f4ecf80e772Rect2\"><\/div> <div class=\"rbs_gallery_69f4ecf80e772Rect3\"><\/div> <div class=\"rbs_gallery_69f4ecf80e772Rect4\"><\/div> <div class=\"rbs_gallery_69f4ecf80e772Rect5\"><\/div><\/div><div id=\"robo-gallery-slider-block-rbs_gallery_69f4ecf80e772\"  data-options=\"rbs_gallery_69f4ecf80e772\" \r\n\t\t\t\t\tclass=\"swiper-container robo-gallery-slider-container robo-gallery-slider-212\" \r\n\t\t\t\t\tstyle=\"width:50%;height:50vh;  display: none;\"\r\n\t\t\t\t\t\r\n\t\t\t\t><div id=\"rbs_gallery_69f4ecf80e772\" class=\"swiper-wrapper robo-slider-gallery  \"><div class=\"swiper-slide  \" \r\n \t\t\t\t\tstyle=\"background-image:url('https:\/\/hv-h\u00f6rste.de\/wp-content\/uploads\/2024\/11\/Amsel_Bildgroesse-aendern-scaled.jpg');\" ><div class=\"swiper-slide-desc swiper-slide-desc-light\">Amsel_Bildgr\u00f6\u00dfe \u00e4ndern<\/div><\/div><div class=\"swiper-slide  \" \r\n \t\t\t\t\tstyle=\"background-image:url('https:\/\/hv-h\u00f6rste.de\/wp-content\/uploads\/2024\/11\/Bachstelze_Bildgroesse-aendern-scaled.jpg');\" ><div class=\"swiper-slide-desc swiper-slide-desc-light\">Bachstelze_Bildgr\u00f6\u00dfe \u00e4ndern<\/div><\/div><div class=\"swiper-slide  \" \r\n \t\t\t\t\tstyle=\"background-image:url('https:\/\/hv-h\u00f6rste.de\/wp-content\/uploads\/2024\/11\/Baumlaeufer_Bildgroesse-aendern.jpg');\" ><div class=\"swiper-slide-desc swiper-slide-desc-light\">Bauml\u00e4ufer_Bildgr\u00f6\u00dfe \u00e4ndern<\/div><\/div><div class=\"swiper-slide  \" \r\n \t\t\t\t\tstyle=\"background-image:url('https:\/\/hv-h\u00f6rste.de\/wp-content\/uploads\/2024\/11\/Buchfink_Bildgroesse-aendern-scaled.jpg');\" ><div class=\"swiper-slide-desc swiper-slide-desc-light\">Buchfink_Bildgr\u00f6\u00dfe \u00e4ndern<\/div><\/div><div class=\"swiper-slide  \" \r\n \t\t\t\t\tstyle=\"background-image:url('https:\/\/hv-h\u00f6rste.de\/wp-content\/uploads\/2024\/11\/Weidenmeise-scaled.jpg');\" ><div class=\"swiper-slide-desc swiper-slide-desc-light\">Weidenmeise<\/div><\/div><div class=\"swiper-slide  \" \r\n \t\t\t\t\tstyle=\"background-image:url('https:\/\/hv-h\u00f6rste.de\/wp-content\/uploads\/2024\/11\/Uhu.jpg');\" ><div class=\"swiper-slide-desc swiper-slide-desc-light\">Uhu<\/div><\/div><div class=\"swiper-slide  \" \r\n \t\t\t\t\tstyle=\"background-image:url('https:\/\/hv-h\u00f6rste.de\/wp-content\/uploads\/2024\/11\/Turmfalke_Weibchen-scaled.jpg');\" ><div class=\"swiper-slide-desc swiper-slide-desc-light\">Turmfalke_Weibchen<\/div><\/div><div class=\"swiper-slide  \" \r\n \t\t\t\t\tstyle=\"background-image:url('https:\/\/hv-h\u00f6rste.de\/wp-content\/uploads\/2024\/11\/Turmfalke.Maennchen.jpg');\" ><div class=\"swiper-slide-desc swiper-slide-desc-light\">Turmfalke.M\u00e4nnchen<\/div><\/div><div class=\"swiper-slide  \" \r\n \t\t\t\t\tstyle=\"background-image:url('https:\/\/hv-h\u00f6rste.de\/wp-content\/uploads\/2024\/11\/Trauerschnaepper-scaled.jpg');\" ><div class=\"swiper-slide-desc swiper-slide-desc-light\">Trauerschn\u00e4pper<\/div><\/div><div class=\"swiper-slide  \" \r\n \t\t\t\t\tstyle=\"background-image:url('https:\/\/hv-h\u00f6rste.de\/wp-content\/uploads\/2024\/11\/Sumpfmeise-scaled.jpg');\" ><div class=\"swiper-slide-desc swiper-slide-desc-light\">Sumpfmeise<\/div><\/div><div class=\"swiper-slide  \" \r\n \t\t\t\t\tstyle=\"background-image:url('https:\/\/hv-h\u00f6rste.de\/wp-content\/uploads\/2024\/11\/Stieglitz.jpg');\" ><div class=\"swiper-slide-desc swiper-slide-desc-light\">Stieglitz<\/div><\/div><\/div><div class=\"swiper-button-prev\"><\/div><div class=\"swiper-button-next\"><\/div><div class=\"swiper-scrollbar\"><\/div><div class=\"swiper-pagination\"><\/div><\/div><\/div><script>var rbs_gallery_69f4ecf80e772 = {\"version\":\"5.1.4\",\"id\":212,\"class\":\"id212\",\"roboGalleryDelay\":1000,\"mainContainer\":\"#robo_gallery_main_block_rbs_gallery_69f4ecf80e772\",\"loadingContainer\":\"#rbs_gallery_69f4ecf80e772-block-loader\",\"loadingContainerObj\":\"rbs_gallery_69f4ecf80e772-block-loader\",\"loop\":true,\"centeredSlides\":true,\"preloadImages\":true,\"updateOnImagesReady\":true,\"effect\":\"slide\",\"direction\":\"horizontal\",\"navigation\":{\"nextEl\":\".swiper-button-next\",\"prevEl\":\".swiper-button-prev\"},\"scrollbar\":{\"el\":\".swiper-scrollbar\",\"draggable\":true},\"pagination\":{\"el\":\".swiper-pagination\",\"type\":\"bullets\",\"clickable\":true,\"dynamicBullets\":true},\"wrapContainer\":\"#robo-gallery-wrap-rbs_gallery_69f4ecf80e772\"};<\/script><\/div>\n\t\t\t\t\t\t<\/div>\n\t\t\t\t<\/div>\n\t\t\t\t\t<\/div>\n\t\t\t\t<\/div>\n\t\t<div class=\"elementor-element elementor-element-3dd6b63 e-flex e-con-boxed e-con e-parent\" data-id=\"3dd6b63\" data-element_type=\"container\" data-e-type=\"container\">\n\t\t\t\t\t<div class=\"e-con-inner\">\n\t\t\t\t\t<\/div>\n\t\t\t\t<\/div>\n\t\t\t\t<\/div>\n\t\t","protected":false},"excerpt":{"rendered":"","protected":false},"author":1,"featured_media":0,"parent":0,"menu_order":0,"comment_status":"closed","ping_status":"closed","template":"elementor_header_footer","meta":{"footnotes":""},"class_list":["post-207","page","type-page","status-publish","hentry"],"_links":{"self":[{"href":"https:\/\/hv-h\u00f6rste.de\/index.php?rest_route=\/wp\/v2\/pages\/207","targetHints":{"allow":["GET"]}}],"collection":[{"href":"https:\/\/hv-h\u00f6rste.de\/index.php?rest_route=\/wp\/v2\/pages"}],"about":[{"href":"https:\/\/hv-h\u00f6rste.de\/index.php?rest_route=\/wp\/v2\/types\/page"}],"author":[{"embeddable":true,"href":"https:\/\/hv-h\u00f6rste.de\/index.php?rest_route=\/wp\/v2\/users\/1"}],"replies":[{"embeddable":true,"href":"https:\/\/hv-h\u00f6rste.de\/index.php?rest_route=%2Fwp%2Fv2%2Fcomments&post=207"}],"version-history":[{"count":8,"href":"https:\/\/hv-h\u00f6rste.de\/index.php?rest_route=\/wp\/v2\/pages\/207\/revisions"}],"predecessor-version":[{"id":407,"href":"https:\/\/hv-h\u00f6rste.de\/index.php?rest_route=\/wp\/v2\/pages\/207\/revisions\/407"}],"wp:attachment":[{"href":"https:\/\/hv-h\u00f6rste.de\/index.php?rest_route=%2Fwp%2Fv2%2Fmedia&parent=207"}],"curies":[{"name":"wp","href":"https:\/\/api.w.org\/{rel}","templated":true}]}}