{"id":53,"date":"2024-10-23T21:19:38","date_gmt":"2024-10-23T19:19:38","guid":{"rendered":"https:\/\/hv-h\u00f6rste.de\/?page_id=53"},"modified":"2024-11-10T14:40:48","modified_gmt":"2024-11-10T13:40:48","slug":"heimatstube","status":"publish","type":"page","link":"https:\/\/hv-h\u00f6rste.de\/?page_id=53","title":{"rendered":"Heimatmuseum"},"content":{"rendered":"\t\t<div data-elementor-type=\"wp-page\" data-elementor-id=\"53\" class=\"elementor elementor-53\">\n\t\t\t\t<div class=\"elementor-element elementor-element-e87127f e-flex e-con-boxed e-con e-parent\" data-id=\"e87127f\" data-element_type=\"container\" data-e-type=\"container\">\n\t\t\t\t\t<div class=\"e-con-inner\">\n\t\t\t\t<div class=\"elementor-element elementor-element-dafee76 elementor-widget elementor-widget-image\" data-id=\"dafee76\" data-element_type=\"widget\" data-e-type=\"widget\" data-widget_type=\"image.default\">\n\t\t\t\t<div class=\"elementor-widget-container\">\n\t\t\t\t\t\t\t\t\t\t\t\t\t\t\t<img fetchpriority=\"high\" decoding=\"async\" width=\"685\" height=\"600\" src=\"https:\/\/hv-h\u00f6rste.de\/wp-content\/uploads\/2024\/10\/Baustelle.svg_-1.png\" class=\"attachment-large size-large wp-image-181\" alt=\"\" srcset=\"https:\/\/hv-h\u00f6rste.de\/wp-content\/uploads\/2024\/10\/Baustelle.svg_-1.png 685w, https:\/\/hv-h\u00f6rste.de\/wp-content\/uploads\/2024\/10\/Baustelle.svg_-1-300x263.png 300w\" sizes=\"(max-width: 685px) 100vw, 685px\" \/>\t\t\t\t\t\t\t\t\t\t\t\t\t\t\t<\/div>\n\t\t\t\t<\/div>\n\t\t\t\t\t<\/div>\n\t\t\t\t<\/div>\n\t\t<div class=\"elementor-element elementor-element-ea29909 e-flex e-con-boxed e-con e-parent\" data-id=\"ea29909\" data-element_type=\"container\" data-e-type=\"container\">\n\t\t\t\t\t<div class=\"e-con-inner\">\n\t\t\t\t<div class=\"elementor-element elementor-element-ed3446c elementor-widget elementor-widget-heading\" data-id=\"ed3446c\" data-element_type=\"widget\" data-e-type=\"widget\" data-widget_type=\"heading.default\">\n\t\t\t\t<div class=\"elementor-widget-container\">\n\t\t\t\t\t<h2 class=\"elementor-heading-title elementor-size-default\">Die Heimatstube hat sich zum Heimatmuseum gemausert.<\/h2>\t\t\t\t<\/div>\n\t\t\t\t<\/div>\n\t\t\t\t\t<\/div>\n\t\t\t\t<\/div>\n\t\t<div class=\"elementor-element elementor-element-a38f37b e-flex e-con-boxed e-con e-parent\" data-id=\"a38f37b\" data-element_type=\"container\" data-e-type=\"container\">\n\t\t\t\t\t<div class=\"e-con-inner\">\n\t\t\t\t<div class=\"elementor-element elementor-element-6b80b1f elementor-widget elementor-widget-text-editor\" data-id=\"6b80b1f\" data-element_type=\"widget\" data-e-type=\"widget\" data-widget_type=\"text-editor.default\">\n\t\t\t\t<div class=\"elementor-widget-container\">\n\t\t\t\t\t\t\t\t\t<p>Auch hier wird flei\u00dfig gebastelt. In K\u00fcrze stellen wir hier das Team vor, das sich um die Pflege und Weiterentwicklung unseres Heimatmuseums k\u00fcmmert. Ihr bekommt den Link zum virtuellen Museum und einige Bilder von unseren Ausstellungsst\u00fccken.<\/p>\t\t\t\t\t\t\t\t<\/div>\n\t\t\t\t<\/div>\n\t\t\t\t\t<\/div>\n\t\t\t\t<\/div>\n\t\t\t\t<\/div>\n\t\t","protected":false},"excerpt":{"rendered":"<p>Die Heimatstube hat sich zum Heimatmuseum gemausert. Auch hier wird flei\u00dfig gebastelt. In K\u00fcrze stellen wir hier das Team vor, das sich um die Pflege und Weiterentwicklung unseres Heimatmuseums k\u00fcmmert. Ihr bekommt den Link zum virtuellen Museum und einige Bilder von unseren Ausstellungsst\u00fccken.<\/p>\n","protected":false},"author":1,"featured_media":0,"parent":0,"menu_order":0,"comment_status":"closed","ping_status":"closed","template":"elementor_header_footer","meta":{"footnotes":""},"class_list":["post-53","page","type-page","status-publish","hentry"],"_links":{"self":[{"href":"https:\/\/hv-h\u00f6rste.de\/index.php?rest_route=\/wp\/v2\/pages\/53","targetHints":{"allow":["GET"]}}],"collection":[{"href":"https:\/\/hv-h\u00f6rste.de\/index.php?rest_route=\/wp\/v2\/pages"}],"about":[{"href":"https:\/\/hv-h\u00f6rste.de\/index.php?rest_route=\/wp\/v2\/types\/page"}],"author":[{"embeddable":true,"href":"https:\/\/hv-h\u00f6rste.de\/index.php?rest_route=\/wp\/v2\/users\/1"}],"replies":[{"embeddable":true,"href":"https:\/\/hv-h\u00f6rste.de\/index.php?rest_route=%2Fwp%2Fv2%2Fcomments&post=53"}],"version-history":[{"count":8,"href":"https:\/\/hv-h\u00f6rste.de\/index.php?rest_route=\/wp\/v2\/pages\/53\/revisions"}],"predecessor-version":[{"id":331,"href":"https:\/\/hv-h\u00f6rste.de\/index.php?rest_route=\/wp\/v2\/pages\/53\/revisions\/331"}],"wp:attachment":[{"href":"https:\/\/hv-h\u00f6rste.de\/index.php?rest_route=%2Fwp%2Fv2%2Fmedia&parent=53"}],"curies":[{"name":"wp","href":"https:\/\/api.w.org\/{rel}","templated":true}]}}