{"id":8,"date":"2024-10-22T21:54:26","date_gmt":"2024-10-22T19:54:26","guid":{"rendered":"https:\/\/hv-h\u00f6rste.de\/?page_id=8"},"modified":"2025-05-21T20:55:59","modified_gmt":"2025-05-21T18:55:59","slug":"test","status":"publish","type":"page","link":"https:\/\/hv-h\u00f6rste.de\/","title":{"rendered":"Heimatverein H\u00f6rste"},"content":{"rendered":"\n<div class=\"wp-block-buttons alignwide is-content-justification-left is-layout-flex wp-container-core-buttons-is-layout-dc37ac28 wp-block-buttons-is-layout-flex\">\n<div class=\"wp-block-button is-style-outline is-style-outline--1\"><a class=\"wp-block-button__link has-background has-text-align-center wp-element-button\" href=\"https:\/\/hv-h\u00f6rste.de\/wp-content\/uploads\/2025\/03\/Vereinsgemeinschaft-Termine-2025-2025-03-24.pdf\" style=\"border-radius:30px;background-color:#6acd0c8c\">Kalender der H\u00f6rster Vereine 2025<\/a><\/div>\n<\/div>\n\n\n\n<div class=\"wp-block-media-text has-media-on-the-right is-stacked-on-mobile\" style=\"grid-template-columns:auto 43%\"><div class=\"wp-block-media-text__content\"><ul class=\"wp-block-latest-posts__list wp-block-latest-posts\"><li><a class=\"wp-block-latest-posts__post-title\" href=\"https:\/\/hv-h\u00f6rste.de\/?p=733\">Dorffr\u00fchst\u00fcck um 11:00 Uhr!<\/a><div class=\"wp-block-latest-posts__post-excerpt\">Ups, da ist der Hunger mit mir durchgegangen. Das Dorffr\u00fchst\u00fcck beginnt nat\u00fcrlich erst um 11:00, damit wer\u2026\u00a0<a class=\"wp-block-latest-posts__read-more\" href=\"https:\/\/hv-h\u00f6rste.de\/?p=733\" rel=\"noopener noreferrer\"><span class=\"screen-reader-text\">Dorffr\u00fchst\u00fcck um 11:00 Uhr! <\/span>weiterlesen<\/a><\/div><\/li>\n<li><a class=\"wp-block-latest-posts__post-title\" href=\"https:\/\/hv-h\u00f6rste.de\/?p=659\">Wie geht es weiter in H\u00f6rste?<\/a><div class=\"wp-block-latest-posts__post-excerpt\">Gro\u00dfe Dinge werfen ihre Schatten voraus. In H\u00f6rste soll sich etwas tun, aber was? Hier ein interessanter\u2026\u00a0<a class=\"wp-block-latest-posts__read-more\" href=\"https:\/\/hv-h\u00f6rste.de\/?p=659\" rel=\"noopener noreferrer\"><span class=\"screen-reader-text\">Wie geht es weiter in H\u00f6rste? <\/span>weiterlesen<\/a><\/div><\/li>\n<li><a class=\"wp-block-latest-posts__post-title\" href=\"https:\/\/hv-h\u00f6rste.de\/?p=652\">Bist Du dabei?<\/a><div class=\"wp-block-latest-posts__post-excerpt\">F\u00fcr den H\u00f6rster Bummel am 18. und 19. Juni suchen wir noch Unterst\u00fctzung. Bist Du ein Talent\u2026\u00a0<a class=\"wp-block-latest-posts__read-more\" href=\"https:\/\/hv-h\u00f6rste.de\/?p=652\" rel=\"noopener noreferrer\"><span class=\"screen-reader-text\">Bist Du dabei? <\/span>weiterlesen<\/a><\/div><\/li>\n<li><a class=\"wp-block-latest-posts__post-title\" href=\"https:\/\/hv-h\u00f6rste.de\/?p=648\">Zwischenstand Stadtradeln 13.05.2025<\/a><div class=\"wp-block-latest-posts__post-excerpt\">Hier ein kleiner Einblick in die bisherige Wertung beim Stadtradeln. Unser Team liegt in der Stadtwertung auf\u2026\u00a0<a class=\"wp-block-latest-posts__read-more\" href=\"https:\/\/hv-h\u00f6rste.de\/?p=648\" rel=\"noopener noreferrer\"><span class=\"screen-reader-text\">Zwischenstand Stadtradeln 13.05.2025 <\/span>weiterlesen<\/a><\/div><\/li>\n<li><a class=\"wp-block-latest-posts__post-title\" href=\"https:\/\/hv-h\u00f6rste.de\/?p=642\">Wir radeln wieder!<\/a><div class=\"wp-block-latest-posts__post-excerpt\">Hoffen wir, dass das Wetter im Mai sch\u00f6n bleibt, denn Halle nimmt wieder Teil am &nbsp;&nbsp;&nbsp;&nbsp;&nbsp;&nbsp;&nbsp;&nbsp;&nbsp;&nbsp;&nbsp;&nbsp;&nbsp;&nbsp;&nbsp;&nbsp;&nbsp;&nbsp;&nbsp; STADTRADELN!\u2026\u00a0<a class=\"wp-block-latest-posts__read-more\" href=\"https:\/\/hv-h\u00f6rste.de\/?p=642\" rel=\"noopener noreferrer\"><span class=\"screen-reader-text\">Wir radeln wieder! <\/span>weiterlesen<\/a><\/div><\/li>\n<\/ul>\n\n\n<div class=\"wp-block-buttons is-content-justification-right is-layout-flex wp-container-core-buttons-is-layout-d445cf74 wp-block-buttons-is-layout-flex\">\n<div class=\"wp-block-button is-style-outline is-style-outline--2\"><a class=\"wp-block-button__link has-background has-small-font-size has-custom-font-size wp-element-button\" href=\"https:\/\/hv-h\u00f6rste.de\/?page_id=593\" style=\"border-radius:30px;background-color:#6acd0c8c\">Weitere Beitr\u00e4ge<\/a><\/div>\n<\/div>\n<\/div><figure class=\"wp-block-media-text__media\"><img fetchpriority=\"high\" decoding=\"async\" width=\"834\" height=\"1024\" src=\"https:\/\/hv-h\u00f6rste.de\/wp-content\/uploads\/2024\/10\/Willkommen-in-Hoerste-scaled-e1747852267659-834x1024.jpg\" alt=\"\" class=\"wp-image-95 size-full\" srcset=\"https:\/\/hv-h\u00f6rste.de\/wp-content\/uploads\/2024\/10\/Willkommen-in-Hoerste-scaled-e1747852267659-834x1024.jpg 834w, https:\/\/hv-h\u00f6rste.de\/wp-content\/uploads\/2024\/10\/Willkommen-in-Hoerste-scaled-e1747852267659-244x300.jpg 244w, https:\/\/hv-h\u00f6rste.de\/wp-content\/uploads\/2024\/10\/Willkommen-in-Hoerste-scaled-e1747852267659-768x943.jpg 768w, https:\/\/hv-h\u00f6rste.de\/wp-content\/uploads\/2024\/10\/Willkommen-in-Hoerste-scaled-e1747852267659-1251x1536.jpg 1251w, https:\/\/hv-h\u00f6rste.de\/wp-content\/uploads\/2024\/10\/Willkommen-in-Hoerste-scaled-e1747852267659.jpg 1390w\" sizes=\"(max-width: 834px) 100vw, 834px\" \/><\/figure><\/div>\n","protected":false},"excerpt":{"rendered":"","protected":false},"author":1,"featured_media":0,"parent":0,"menu_order":0,"comment_status":"closed","ping_status":"closed","template":"elementor_theme","meta":{"footnotes":""},"class_list":["post-8","page","type-page","status-publish","hentry"],"_links":{"self":[{"href":"https:\/\/hv-h\u00f6rste.de\/index.php?rest_route=\/wp\/v2\/pages\/8","targetHints":{"allow":["GET"]}}],"collection":[{"href":"https:\/\/hv-h\u00f6rste.de\/index.php?rest_route=\/wp\/v2\/pages"}],"about":[{"href":"https:\/\/hv-h\u00f6rste.de\/index.php?rest_route=\/wp\/v2\/types\/page"}],"author":[{"embeddable":true,"href":"https:\/\/hv-h\u00f6rste.de\/index.php?rest_route=\/wp\/v2\/users\/1"}],"replies":[{"embeddable":true,"href":"https:\/\/hv-h\u00f6rste.de\/index.php?rest_route=%2Fwp%2Fv2%2Fcomments&post=8"}],"version-history":[{"count":44,"href":"https:\/\/hv-h\u00f6rste.de\/index.php?rest_route=\/wp\/v2\/pages\/8\/revisions"}],"predecessor-version":[{"id":721,"href":"https:\/\/hv-h\u00f6rste.de\/index.php?rest_route=\/wp\/v2\/pages\/8\/revisions\/721"}],"wp:attachment":[{"href":"https:\/\/hv-h\u00f6rste.de\/index.php?rest_route=%2Fwp%2Fv2%2Fmedia&parent=8"}],"curies":[{"name":"wp","href":"https:\/\/api.w.org\/{rel}","templated":true}]}}