{"id":85,"date":"2024-10-23T21:27:13","date_gmt":"2024-10-23T19:27:13","guid":{"rendered":"https:\/\/hv-h\u00f6rste.de\/?page_id=85"},"modified":"2025-03-01T20:19:32","modified_gmt":"2025-03-01T19:19:32","slug":"vorstand","status":"publish","type":"page","link":"https:\/\/hv-h\u00f6rste.de\/?page_id=85","title":{"rendered":"Vorstand und Team"},"content":{"rendered":"\t\t<div data-elementor-type=\"wp-page\" data-elementor-id=\"85\" class=\"elementor elementor-85\">\n\t\t\t\t<div class=\"elementor-element elementor-element-bc1797e e-grid e-con-boxed e-con e-parent\" data-id=\"bc1797e\" data-element_type=\"container\" data-e-type=\"container\">\n\t\t\t\t\t<div class=\"e-con-inner\">\n\t\t\t\t<div class=\"elementor-element elementor-element-fa2c155 elementor-widget elementor-widget-text-editor\" data-id=\"fa2c155\" data-element_type=\"widget\" data-e-type=\"widget\" data-widget_type=\"text-editor.default\">\n\t\t\t\t<div class=\"elementor-widget-container\">\n\t\t\t\t\t\t\t\t\t<h3>Erste Vorsitzende:<\/h3><p>Elke Feldhaus<br \/>Siedinghauser Str. 7<br \/>33790 Halle (Westf.)<\/p>\t\t\t\t\t\t\t\t<\/div>\n\t\t\t\t<\/div>\n\t\t\t\t<div class=\"elementor-element elementor-element-e93f5af elementor-widget elementor-widget-image\" data-id=\"e93f5af\" data-element_type=\"widget\" data-e-type=\"widget\" data-widget_type=\"image.default\">\n\t\t\t\t<div class=\"elementor-widget-container\">\n\t\t\t\t\t\t\t\t\t\t\t\t\t\t\t<img decoding=\"async\" src=\"https:\/\/hv-h\u00f6rste.de\/wp-content\/uploads\/elementor\/thumbs\/Elke-r28e7dmkh5pb9s8guk5r1cyuw0k6xf9qn3sp2swuz2.jpeg\" title=\"Elke\" alt=\"Elke\" loading=\"lazy\" \/>\t\t\t\t\t\t\t\t\t\t\t\t\t\t\t<\/div>\n\t\t\t\t<\/div>\n\t\t\t\t<div class=\"elementor-element elementor-element-88d979d elementor-widget elementor-widget-text-editor\" data-id=\"88d979d\" data-element_type=\"widget\" data-e-type=\"widget\" data-widget_type=\"text-editor.default\">\n\t\t\t\t<div class=\"elementor-widget-container\">\n\t\t\t\t\t\t\t\t\t<h3>Kassenwarte:<\/h3><p>Dieter Hagemeyer<br \/>Christian M\u00f6rke<\/p>\t\t\t\t\t\t\t\t<\/div>\n\t\t\t\t<\/div>\n\t\t\t\t<div class=\"elementor-element elementor-element-5092ee7 elementor-widget elementor-widget-text-editor\" data-id=\"5092ee7\" data-element_type=\"widget\" data-e-type=\"widget\" data-widget_type=\"text-editor.default\">\n\t\t\t\t<div class=\"elementor-widget-container\">\n\t\t\t\t\t\t\t\t\t<h3>Zweite Vorsitzende:<\/h3><p>Beate Grossmann\u00a0\u00a0\u00a0\u00a0\u00a0\u00a0\u00a0\u00a0\u00a0\u00a0\u00a0\u00a0\u00a0\u00a0\u00a0\u00a0\u00a0\u00a0\u00a0\u00a0\u00a0\u00a0 Angelique Ruthmann<br \/>Lilienstr. 9<br \/>33790 Halle<\/p>\t\t\t\t\t\t\t\t<\/div>\n\t\t\t\t<\/div>\n\t\t\t\t<div class=\"elementor-element elementor-element-0694a70 elementor-widget elementor-widget-image\" data-id=\"0694a70\" data-element_type=\"widget\" data-e-type=\"widget\" data-widget_type=\"image.default\">\n\t\t\t\t<div class=\"elementor-widget-container\">\n\t\t\t\t\t\t\t\t\t\t\t\t\t\t\t<img decoding=\"async\" src=\"https:\/\/hv-h\u00f6rste.de\/wp-content\/uploads\/elementor\/thumbs\/IMG_8208_5x5-r28e8g5y9d62hsohlitgdl8r8ta8p0iqgejlr5bplo.jpg\" title=\"IMG_8208_5x5\" alt=\"IMG_8208_5x5\" loading=\"lazy\" \/>\t\t\t\t\t\t\t\t\t\t\t\t\t\t\t<\/div>\n\t\t\t\t<\/div>\n\t\t\t\t<div class=\"elementor-element elementor-element-757528b elementor-widget elementor-widget-text-editor\" data-id=\"757528b\" data-element_type=\"widget\" data-e-type=\"widget\" data-widget_type=\"text-editor.default\">\n\t\t\t\t<div class=\"elementor-widget-container\">\n\t\t\t\t\t\t\t\t\t<h3>Schriftf\u00fchrerin:<\/h3><p>Anna Schulz<\/p>\t\t\t\t\t\t\t\t<\/div>\n\t\t\t\t<\/div>\n\t\t\t\t\t<\/div>\n\t\t\t\t<\/div>\n\t\t<div class=\"elementor-element elementor-element-2fec779 e-grid e-con-boxed e-con e-parent\" data-id=\"2fec779\" data-element_type=\"container\" data-e-type=\"container\">\n\t\t\t\t\t<div class=\"e-con-inner\">\n\t\t\t\t<div class=\"elementor-element elementor-element-17cb10a elementor-widget elementor-widget-text-editor\" data-id=\"17cb10a\" data-element_type=\"widget\" data-e-type=\"widget\" data-widget_type=\"text-editor.default\">\n\t\t\t\t<div class=\"elementor-widget-container\">\n\t\t\t\t\t\t\t\t\t<h3>AG Gr\u00fcnes Klassenzimmer:<\/h3><p>Carmela Michalek, Rita L\u00fcbcke, Beate Grossmann<\/p>\t\t\t\t\t\t\t\t<\/div>\n\t\t\t\t<\/div>\n\t\t\t\t<div class=\"elementor-element elementor-element-de36d80 elementor-widget elementor-widget-text-editor\" data-id=\"de36d80\" data-element_type=\"widget\" data-e-type=\"widget\" data-widget_type=\"text-editor.default\">\n\t\t\t\t<div class=\"elementor-widget-container\">\n\t\t\t\t\t\t\t\t\t<h3>AG Event<\/h3><p>Simone Walter, Angelique Ruthman, Jutta Hartmann-Beiner, die Bau-AG hilft immer mit und alle, die an dem Event Zeit haben.<\/p>\t\t\t\t\t\t\t\t<\/div>\n\t\t\t\t<\/div>\n\t\t\t\t<div class=\"elementor-element elementor-element-7e87ae6 elementor-widget elementor-widget-text-editor\" data-id=\"7e87ae6\" data-element_type=\"widget\" data-e-type=\"widget\" data-widget_type=\"text-editor.default\">\n\t\t\t\t<div class=\"elementor-widget-container\">\n\t\t\t\t\t\t\t\t\t<h3>AG Heimatmuseum<\/h3><p>Heike Borgstedt, Michael Koslowski, Rita L\u00fcbcke, &#8230;<\/p>\t\t\t\t\t\t\t\t<\/div>\n\t\t\t\t<\/div>\n\t\t\t\t<div class=\"elementor-element elementor-element-ad879b6 elementor-widget elementor-widget-text-editor\" data-id=\"ad879b6\" data-element_type=\"widget\" data-e-type=\"widget\" data-widget_type=\"text-editor.default\">\n\t\t\t\t<div class=\"elementor-widget-container\">\n\t\t\t\t\t\t\t\t\t<h3>Die Bau-AG<\/h3><p>Jochen Walter, Hans Fast, Detlef Beiner, und wer immer gerade Zeit hat.<\/p>\t\t\t\t\t\t\t\t<\/div>\n\t\t\t\t<\/div>\n\t\t\t\t\t<\/div>\n\t\t\t\t<\/div>\n\t\t\t\t<\/div>\n\t\t","protected":false},"excerpt":{"rendered":"<p>Erste Vorsitzende: Elke FeldhausSiedinghauser Str. 733790 Halle (Westf.) Kassenwarte: Dieter HagemeyerChristian M\u00f6rke Zweite Vorsitzende: Beate Grossmann\u00a0\u00a0\u00a0\u00a0\u00a0\u00a0\u00a0\u00a0\u00a0\u00a0\u00a0\u00a0\u00a0\u00a0\u00a0\u00a0\u00a0\u00a0\u00a0\u00a0\u00a0\u00a0 Angelique RuthmannLilienstr. 933790 Halle Schriftf\u00fchrerin: Anna Schulz AG Gr\u00fcnes Klassenzimmer: Carmela Michalek, Rita L\u00fcbcke, Beate Grossmann AG Event Simone Walter, Angelique Ruthman, Jutta Hartmann-Beiner, die Bau-AG hilft immer mit und alle, die an dem Event Zeit haben. AG Heimatmuseum [&hellip;]<\/p>\n","protected":false},"author":1,"featured_media":0,"parent":0,"menu_order":0,"comment_status":"closed","ping_status":"closed","template":"elementor_header_footer","meta":{"footnotes":""},"class_list":["post-85","page","type-page","status-publish","hentry"],"_links":{"self":[{"href":"https:\/\/hv-h\u00f6rste.de\/index.php?rest_route=\/wp\/v2\/pages\/85","targetHints":{"allow":["GET"]}}],"collection":[{"href":"https:\/\/hv-h\u00f6rste.de\/index.php?rest_route=\/wp\/v2\/pages"}],"about":[{"href":"https:\/\/hv-h\u00f6rste.de\/index.php?rest_route=\/wp\/v2\/types\/page"}],"author":[{"embeddable":true,"href":"https:\/\/hv-h\u00f6rste.de\/index.php?rest_route=\/wp\/v2\/users\/1"}],"replies":[{"embeddable":true,"href":"https:\/\/hv-h\u00f6rste.de\/index.php?rest_route=%2Fwp%2Fv2%2Fcomments&post=85"}],"version-history":[{"count":15,"href":"https:\/\/hv-h\u00f6rste.de\/index.php?rest_route=\/wp\/v2\/pages\/85\/revisions"}],"predecessor-version":[{"id":594,"href":"https:\/\/hv-h\u00f6rste.de\/index.php?rest_route=\/wp\/v2\/pages\/85\/revisions\/594"}],"wp:attachment":[{"href":"https:\/\/hv-h\u00f6rste.de\/index.php?rest_route=%2Fwp%2Fv2%2Fmedia&parent=85"}],"curies":[{"name":"wp","href":"https:\/\/api.w.org\/{rel}","templated":true}]}}